{"id":102,"date":"2018-07-27T18:22:01","date_gmt":"2018-07-27T18:22:01","guid":{"rendered":"https:\/\/parimuskoda.ee\/?page_id=102"},"modified":"2024-01-07T08:04:07","modified_gmt":"2024-01-07T08:04:07","slug":"lahemaa-parimuskoda","status":"publish","type":"page","link":"https:\/\/parimuskoda.ee\/et\/lahemaa-parimuskoda\/","title":{"rendered":"Meist"},"content":{"rendered":"<p>Meile omase kultuurip\u00e4randi hoidmiseks ja edasiandmiseks teeme koolitusi, anname konsultatsioone, korraldame s\u00fcndmuseid ja elame ise p\u00e4randit austades.<\/p>\n<p>Lahemaa P\u00e4rimuskoja perenaine Liis Burk on k\u00e4sit\u00f6\u00f6line ja p\u00e4rimuspulmade uurija. Liis on olnud toimekas \u00fcrituskorraldaja ja \u00fcldse igap\u00e4evaselt kokk-logistik-ehitaja-projektikirjutaja-giid-metoodik. Pole lahenduseta k\u00fcsimusi!<\/p>\n<p>Lahemaa P\u00e4rimuskoja peremees Roland Burk tuli-n\u00e4gi-v\u00f5ttis Liisu omale naiseks ja on \u00fcks paras puumees, laulu-tantsumees, lambakasvataja. Talle meeldib proovida, katsetada ja tulemusi teistega jagada. Tema ideedelend on piiritu, mis on paljude Lahemaa P\u00e4rimuskoja algatuste aluseks olnud. Rolandi tegevused keskenduvad rahvap\u00e4rasele puut\u00f6\u00f6le ja selle edasiandmisele.<\/p>\n<p>Lahemaa P\u00e4rimuskojas on tegevad teisedki p\u00e4rimushuvilised s\u00f5brad ja kaasam\u00f5tlejad. P\u00e4rimuskoja ring on tublisti laienenud l\u00e4bi \u00fchistegevuste ja meie toimetuste tutvustamise. Meie inimesi \u00fchendab huvi kohaliku p\u00e4rimuse hoidmisesse ja edasiviimisse.<\/p>\n<p>&nbsp;<\/p>\n<h4>Meie ja meist meedias<\/h4>\n<p>Veersalu, Liis. Kuusalu kihelkonna vanem pulmakombestik ja selle taasloomine t\u00e4nap\u00e4eval. T\u00dc Viljandi Kultuuriakadeemia magistrit\u00f6\u00f6, juuni 2016<br \/>\n<a href=\"https:\/\/parimuskoda.ee\/wp-content\/uploads\/2018\/08\/Liis-Veersalu_Magistrit%C3%B6%C3%B6_2016_Avalikustamisele.pdf\" target=\"_blank\" rel=\"noopener\">https:\/\/parimuskoda.ee\/wp-content\/uploads\/2018\/08\/Liis-Veersalu_Magistrit%C3%B6%C3%B6_2016_Avalikustamisele.pdf<\/a><\/p>\n<p>Eesti pulmad, Ene Lukka-Jegikjan. Sirp 2.09.2016<br \/>\n<a href=\"http:\/\/www.sirp.ee\/s1-artiklid\/c21-teadus\/eesti-pulmad\/\" target=\"_blank\" rel=\"noopener noreferrer\">http:\/\/www.sirp.ee\/s1-artiklid\/c21-teadus\/eesti-pulmad\/\u00a0<\/a><\/p>\n<p>Lahemaa P\u00e4rimuskoja lugu,\u00a0<span style=\"font-size: 1em;\">Maahommik 23.02.2019<\/span><span style=\"font-size: 1em;\"><br \/>\n<\/span><a href=\"https:\/\/etv.err.ee\/908291\/maahommik\" target=\"_blank\" rel=\"noopener noreferrer\">https:\/\/etv.err.ee\/908291\/maahommik<\/a><\/p>\n<p>Meist Ida-Harju n\u00e4dalalehes S\u00f5numitooja. 1.05.2019<br \/>\n<a href=\"https:\/\/sonumitooja.ee\/liis-ja-ro%C2%ADland-burk-pea%C2%ADvad-uu%C2%ADri-ku%C2%ADlas-la%C2%ADhe%C2%ADmaa-pa%C2%ADri%C2%ADmus%C2%ADko%C2%ADda\/\" target=\"_blank\" rel=\"noopener\">https:\/\/sonumitooja.ee\/liis-ja-ro%C2%ADland-burk-pea%C2%ADvad-uu%C2%ADri-ku%C2%ADlas-la%C2%ADhe%C2%ADmaa-pa%C2%ADri%C2%ADmus%C2%ADko%C2%ADda\/<\/a><\/p>\n<p>Naisteleht meis. august 2019<br \/>\n<a href=\"https:\/\/naine.ohtuleht.ee\/974069\/elu-maal-noor-eesti-pere-elab-muinaseestlaste-kombeid-jargides\" target=\"_blank\" rel=\"noopener\">https:\/\/naine.ohtuleht.ee\/974069\/elu-maal-noor-eesti-pere-elab-muinaseestlaste-kombeid-jargides<\/a><\/p>\n<p>Roland sai Kodanikujulguse tunnustuse, detsember 2019<br \/>\n<a href=\"https:\/\/www.delfi.ee\/artikkel\/88328521\/kodanikujulguse-autasu-palvinud-roland-burk-peatas-roolijoodiku-ja-paastis-terviserikke-saanud-mehe-elu-nagin-ja-kohe-tegutsesin-ei-hakanud-kohklema\" target=\"_blank\" rel=\"noopener\">https:\/\/www.delfi.ee\/artikkel\/88328521\/kodanikujulguse-autasu-palvinud-roland-burk-peatas-roolijoodiku-ja-paastis-terviserikke-saanud-mehe-elu-nagin-ja-kohe-tegutsesin-ei-hakanud-kohklema<\/a><\/p>\n<p>Liisu ja n\u00f5eltehnika Prillitoosis veebruar 2022<br \/>\n<a style=\"font-size: 1em;\" href=\"https:\/\/arhiiv.err.ee\/video\/vaata\/prillitoos-594\" target=\"_blank\" rel=\"noopener\">https:\/\/arhiiv.err.ee\/video\/vaata\/prillitoos-594<\/a><\/p>\n<p><span style=\"font-size: 1em;\">Roland ja puut\u00f6\u00f6 Prillitoosis jaanuar 2022<br \/>\n<\/span><a style=\"font-size: 1em;\" href=\"https:\/\/arhiiv.err.ee\/video\/vaata\/prillitoos-592\" target=\"_blank\" rel=\"noopener\">https:\/\/arhiiv.err.ee\/video\/vaata\/prillitoos-592<\/a><br \/>\nArtikkel:<a href=\"https:\/\/menu.err.ee\/1608475442\/meeste-kasitoo-meister-roland-burk-mehed-votke-kaed-taskust-valja\" target=\"_blank\" rel=\"noopener\"> https:\/\/menu.err.ee\/1608475442\/meeste-kasitoo-meister-roland-burk-mehed-votke-kaed-taskust-valja<\/a><\/p>\n<p>Varjev\u00f5rkude punumise eestvedamisest, juuni 2022<br \/>\n<a href=\"https:\/\/sonumitooja.ee\/liis-burk-koos-abilistega-korraldab-kuusalu-vallas-varjevorkude-tegemist-ukrainasse\/\" target=\"_blank\" rel=\"noopener\">https:\/\/sonumitooja.ee\/liis-burk-koos-abilistega-korraldab-kuusalu-vallas-varjevorkude-tegemist-ukrainasse\/<\/a><\/p>\n<p>Rolandi m\u00f5ttelend t\u00f6\u00f6riistade teritamisest, juuni 2022<br \/>\n<a href=\"https:\/\/sonumid.ee\/2022\/06\/29\/roland-burk-kui-tahad-olla-luisumees-pead-ka-investeerima\/\" target=\"_blank\" rel=\"noopener\">https:\/\/sonumid.ee\/2022\/06\/29\/roland-burk-kui-tahad-olla-luisumees-pead-ka-investeerima\/<\/a><\/p>\n<p>Peremees Roland r\u00e4\u00e4kimas kirve kasutamisest september 2022<br \/>\n<a href=\"https:\/\/etv.err.ee\/1608709279\/algaja-puulohkuja-abc\" target=\"_blank\" rel=\"noopener\">https:\/\/etv.err.ee\/1608709279\/algaja-puulohkuja-abc<\/a><\/p>\n<p>\u00d5petajate \u00f5ppep\u00e4ev Lahemaa p\u00e4rimuskojas, veebruar 2023<br \/>\n<a href=\"https:\/\/www.tallinn.ee\/et\/leholakhk\/uudis\/8-veebruari-oppepaev-opetajatele-lahemaa-parimuskojas\" target=\"_blank\" rel=\"noopener\">https:\/\/www.tallinn.ee\/et\/leholakhk\/uudis\/8-veebruari-oppepaev-opetajatele-lahemaa-parimuskojas<\/a><\/p>\n<p>Linaksavatuse kogemusest. aprill 2023<br \/>\n<a href=\"https:\/\/virumaateataja.postimees.ee\/7751240\/lina-kasvatamisega-jatkatakse-ka-sel-aastal\" target=\"_blank\" rel=\"noopener\">https:\/\/virumaateataja.postimees.ee\/7751240\/lina-kasvatamisega-jatkatakse-ka-sel-aastal<\/a><\/p>\n<p>N\u00e4itus &#8220;H\u00f5issa, pulmad!&#8221; Eesti Vaba\u00f5humuuseumis, mai 2023<br \/>\n<a href=\"https:\/\/evm.ee\/sundmused\/naitus-hoissa-pulmad\" target=\"_blank\" rel=\"noopener\">https:\/\/evm.ee\/sundmused\/naitus-hoissa-pulmad<\/a><\/p>\n<p>Liis Burk, Harjumaa pulmakombestik XX sajandi alguseni. Eesti Folkloorin\u00f5ukogu kuukiri, aprill 2023<br \/>\n<a href=\"https:\/\/folkloorinoukogu.ee\/harjumaa-pulmakombestik-xx-sajandi-alguseni\/\" target=\"_blank\" rel=\"noopener\">https:\/\/folkloorinoukogu.ee\/harjumaa-pulmakombestik-xx-sajandi-alguseni\/<\/a><\/p>\n<p>Liis Burk, Vanemate pulmakommete kasutamisest t\u00e4nap\u00e4eval. Eesti Folkloorin\u00f5ukogu kuukiri, mai 2023<br \/>\n<a href=\"https:\/\/folkloorinoukogu.ee\/uudised\/valge-kleidi-ja-moodsa-bandi-korvale-mahub-ka-parimus-ehk-kuidas-endisaegseid-pulmakombeid-tanapaeval-rakendada\/\" target=\"_blank\" rel=\"noopener\">https:\/\/folkloorinoukogu.ee\/uudised\/valge-kleidi-ja-moodsa-bandi-korvale-mahub-ka-parimus-ehk-kuidas-endisaegseid-pulmakombeid-tanapaeval-rakendada\/<\/a><\/p>\n<p>&nbsp;<\/p>\n<p>Anname koost\u00f6\u00f6s MT\u00dc Estlander ja Kolga Muuseumiga v\u00e4lja tunnustust <strong>P\u00e4rimuspulk.<\/strong> Tunnustus antakse v\u00e4lja iga aasta alguses toimuval Kuusalu valla t\u00e4nus\u00fcndmusel. See tunnustus toob esile inimesi ja \u00fchinguid, kelle tegevus toetab meie p\u00e4randi s\u00e4ilimist, edasiandmist, uurimist ning salvestamist ja elushoidmist.<\/p>\n<p>Senised p\u00e4rimuspulga saajad:<\/p>\n<ul>\n<li>Sven-Olav Paavel &#8211; Kohalikud koduloolised uurimused<\/li>\n<li>Janno Laende &#8211; Ajaloolise Liiva laada taastamine<\/li>\n<li>Rannakiele Selts &#8211; Kohaliku rannakeele uurimine, \u00f5petamine, salvestamine<\/li>\n<li>Ene Riiberg &#8211; Loodusp\u00e4randi tutvustamine<\/li>\n<li>Raul Valgiste &#8211; Kultuuris\u00fcndmuste salvestamine, talletamine, levitamine<\/li>\n<li>Roland Burk &#8211; Rahvap\u00e4rase puut\u00f6\u00f6 praktiseerimine, \u00f5petamine, tutvustamine (otsustamisel taandati Lahemaa p\u00e4rimuskoja esindaja)<\/li>\n<\/ul>\n","protected":false},"excerpt":{"rendered":"<p>Meile omase kultuurip\u00e4randi hoidmiseks ja edasiandmiseks teeme koolitusi, anname konsultatsioone, korraldame s\u00fcndmuseid ja elame ise p\u00e4randit austades.<\/p>\n<p>Lahemaa P\u00e4rimuskoja perenaine Liis Burk on k\u00e4sit\u00f6\u00f6line ja p\u00e4rimuspulmade uurija. Liis on olnud &#8230;<\/p>\n","protected":false},"author":1,"featured_media":0,"parent":0,"menu_order":0,"comment_status":"closed","ping_status":"closed","template":"","meta":{"_monsterinsights_skip_tracking":false,"_monsterinsights_sitenote_active":false,"_monsterinsights_sitenote_note":"","_monsterinsights_sitenote_category":0,"footnotes":""},"class_list":["post-102","page","type-page","status-publish","hentry"],"aioseo_notices":[],"_links":{"self":[{"href":"https:\/\/parimuskoda.ee\/et\/wp-json\/wp\/v2\/pages\/102","targetHints":{"allow":["GET"]}}],"collection":[{"href":"https:\/\/parimuskoda.ee\/et\/wp-json\/wp\/v2\/pages"}],"about":[{"href":"https:\/\/parimuskoda.ee\/et\/wp-json\/wp\/v2\/types\/page"}],"author":[{"embeddable":true,"href":"https:\/\/parimuskoda.ee\/et\/wp-json\/wp\/v2\/users\/1"}],"replies":[{"embeddable":true,"href":"https:\/\/parimuskoda.ee\/et\/wp-json\/wp\/v2\/comments?post=102"}],"version-history":[{"count":24,"href":"https:\/\/parimuskoda.ee\/et\/wp-json\/wp\/v2\/pages\/102\/revisions"}],"predecessor-version":[{"id":776,"href":"https:\/\/parimuskoda.ee\/et\/wp-json\/wp\/v2\/pages\/102\/revisions\/776"}],"wp:attachment":[{"href":"https:\/\/parimuskoda.ee\/et\/wp-json\/wp\/v2\/media?parent=102"}],"curies":[{"name":"wp","href":"https:\/\/api.w.org\/{rel}","templated":true}]}}