{"id":13,"date":"2018-07-27T08:24:29","date_gmt":"2018-07-27T08:24:29","guid":{"rendered":"https:\/\/parimuskoda.ee\/?page_id=13"},"modified":"2024-06-14T05:35:21","modified_gmt":"2024-06-14T05:35:21","slug":"opitoad","status":"publish","type":"page","link":"https:\/\/parimuskoda.ee\/et\/opitoad\/","title":{"rendered":"\u00d5pitoad"},"content":{"rendered":"<p>&nbsp;<\/p>\n<h6>1-aastane rahvap\u00e4rase puut\u00f6\u00f6kool 2024\/2025<\/h6>\n<p>Peremees Roland Burk kuulutab v\u00e4lja rahvap\u00e4rase puut\u00f6\u00f6 1-aastase baas\u00f5ppe.<\/p>\n<p><a href=\"https:\/\/parimuskoda.ee\/et\/1-aastane-rahvaparase-puutoo-baaskoolitus\/\">Rohkem infot SIIT.<\/a><\/p>\n<p>&nbsp;<\/p>\n<h6>Lahemaa P\u00e4rimuskoja k\u00fclastus<\/h6>\n<p>K\u00fclastuseks tuleb varuda aega 1-1,5h. Tutvustame muinas-eestlaste elu-olu, esitleme muinask\u00e4sit\u00f6\u00f6 viise, teeme koos l\u00e4bi \u00fche lihtsama rituaali. Lisaks r\u00e4\u00e4gime meie kandi l\u00e4hiajaloost ja tutvustame p\u00e4rimuskoja s\u00fcnnilugu. Saab lambaid paitada ja toita.<br \/>\n<i>Tegevus toimub valdavalt \u00f5ues!<br \/>\nK\u00fclastustuure viime l\u00e4bi mai-september. Muul ajal kokkuleppel. Alati palume oma tulek ette kokku leppida.<\/i><\/p>\n<p><a href=\"https:\/\/parimuskoda.ee\/wp-content\/uploads\/2024\/01\/Lahemaa-parimuskoja-tootoad_Lastele-ja-noortele.pdf\"><strong>Tegevused lastele ja noortele &#8211; vajuta SIIA.<\/strong><\/a><\/p>\n<h6>Puuk\u00e4sit\u00f6\u00f6 (hinnad s\u00f5ltuvad inimeste arvust ja tegevuse asukohast)<\/h6>\n<p><u>Lusika tegu<\/u> &#8211; kuni 10 inimest<br \/>\nT\u00f6\u00f6toa kestvus 2h.<br \/>\n<span style=\"font-size: 1em;\">T\u00f6\u00f6toa alguses tutvustatakse erinevaid lusikat\u00fc\u00fcpe. J\u00e4tkub lusika valmistamine traditsioonilisel viisil ainult k\u00e4sit\u00f6\u00f6riistadega. Tegevus h\u00f5lmab kirvega tahumist, noaga voolimist, lusikanoaga voolimist ja kraape- ning vestmistehnikas lusika viimistlemist.<\/span><\/p>\n<p><u>Pihuummik<\/u> &#8211; kuni 10 inimest<br \/>\nT\u00f6\u00f6toa kestvus 2h.<br \/>\nT\u00f6\u00f6toa alguses tutvustatakse erinevaid ummikut\u00fc\u00fcpe ehk \u00fchepuun\u00f5usid. J\u00e4tkub v\u00e4ikese pihuummiku valmistamine traditsioonilisel viisil ainult k\u00e4sit\u00f6\u00f6riistadega. Tegevus h\u00f5lmab noa ja peitliga uuristamist ja voolimist.<\/p>\n<p><u>Tuulevurr<\/u> &#8211; kuni 20 inimest<br \/>\nT\u00f6\u00f6toa kestvus 1h.<br \/>\nSobilik ka lastele alates 8a v\u00f5i noorematele koos t\u00e4iskasvanuga.<br \/>\nTuulevurr on traditsiooniline ese heli tekitamiseks, mida kasutati m\u00e4rguande edastamiseks ning loomade eemale peletamiseks. Tuulevurri valmistamisel kasutatakse kirvest ja nuga tahumiseks, voolimiseks ning kirjamiseks.<\/p>\n<p><u>Loodusmaterjalidest ehete valmistamise t\u00f6\u00f6tuba<\/u> &#8211; kuni 10 inimest<br \/>\nT\u00f6\u00f6toa kestvus 2 h.<br \/>\nSobilik ka lastele alates 8a v\u00f5i noorematele koos t\u00e4iskasvanuga.<br \/>\nT\u00f6\u00f6toa materjalideks on nahk, puit, puidukoor, sarv jt loodusmaterjalid. Iga osaleja saab oma loovust rakendada endale k\u00f5rvar\u00f5ngaste ja kaelaripatsi valmistamisel.<\/p>\n<p><u>Talulaste m\u00e4nguasjad<\/u> &#8211; kuni 10 inimest<br \/>\nT\u00f6\u00f6toa kestvus 1 h.<br \/>\nSobilik ka lastele alates 8a v\u00f5i noorematele koos t\u00e4iskasvanuga.<br \/>\nAaastasadu on talulaste m\u00e4nguasjadeks olnud puidust loomad \u2013 sead, lehmad, lambad jt. Samuti talulinnud ja -t\u00f6\u00f6riistad. Puidust loomade ja t\u00f6\u00f6riistadega m\u00e4ngides tekkis talulastel austus ja harjumus t\u00f6\u00f6 tegemise osas. T\u00f6\u00f6toas tutvustatakse erinevaid m\u00e4nguasju ja valmistatakse neid noaga voolides.<\/p>\n<p><u>Kahepoolse matkalusika tegu<\/u> &#8211; kuni 10 inimest<br \/>\nT\u00f6\u00f6toa kestvus 2h.<br \/>\nMatkalusikas on kahe erineva otsaga lusikas, et seda saaks matkates mitmek\u00fclgselt kasutada. \u00dches otsas on lusikas s\u00f6\u00f6miseks, teises otsas pannilabidas praadimiseks. Lusika valmistamine traditsioonilisel viisil toimub ainult k\u00e4sit\u00f6\u00f6riistadega. Tegevus h\u00f5lmab kirvega tahumist, noaga voolimist, lusikanoaga voolimist ja kraape- ning vestmistehnikas lusika viimistlemist.<\/p>\n<h6>Ja veel j\u00e4rgmised teemad<\/h6>\n<p><u>T\u00f6\u00f6riistade teritamine ja hooldamine<\/u> &#8211; max 10<br \/>\nT\u00f6\u00f6toa kestvus minimaalselt 4 h.<br \/>\nKorralikud ja p\u00fcsivad t\u00f6\u00f6riistad on iga k\u00e4sitsi valmistatava eseme kvaliteedi \u00fcks aluseid.<br \/>\nT\u00f6\u00f6toas toimub nugade, kirveste, k\u00e4\u00e4ride, peitlite jms k\u00e4sit\u00f6\u00f6riistade k\u00e4sitsi teritamine.<br \/>\nT\u00f6\u00f6vahendid on kohapeal on olemas (luisud jms). Osalemiseks tuleb kaasa v\u00f5tta teritamist vajav t\u00f6\u00f6riist v\u00f5i t\u00f6\u00f6riistad.<br \/>\nT\u00f6\u00f6toas jagatakse n\u00f5uanded, millised vahendeid ja v\u00f5tteid t\u00f6\u00f6riistade teritamiseks ning hooldamiseks kasutatakse. Samuti saab teada, milliseid luiske ja teisi vahendeid on v\u00f5imalik Eestist hankida ja kuidas nendega t\u00f6\u00f6d teha.<\/p>\n<p><u>\u00d5nneristi (pulmaristi, j\u00f5uluristi) valmistamine<\/u> &#8211; kuni 10 inimest<br \/>\nSobilik ka lastele.<br \/>\n\u00d5nneristi on kasutatud kaunistuseks ja kodu ning enda kaitseks erinevate p\u00fchade puhul. Pulkadele eri viisidel l\u00f5nga punudes saab saavutada kirevaid ja mitmetasandilisi kauneid pindasid.<\/p>\n<p><u>Kedervarrega ketramine \u201eminu esimene isetehtud l\u00f5ngajupp\u201c<\/u> &#8211; kuni 10 inimest<br \/>\nT\u00f6\u00f6toa kestvus 1 h.<br \/>\nSobilik ka lastele.<br \/>\nTutvume erinevate villat\u00fc\u00fcpide ja ketramisega. Iga osaleja saab t\u00f6\u00f6toa raames ise villast edasi l\u00f5nga kedrata, korrutada ja saab kaasa oma esimese jupi isevalmistatud l\u00f5nga. Samuti proovime algelisemat l\u00f5nga ketramist pulgale kerimise tehnikas.<\/p>\n<p><u>Tule alustamine looduses, erinevad meetodid<\/u> &#8211; kuni 10 inimest<br \/>\nT\u00f6\u00f6toa kestvus 1 h.<br \/>\nSobilik ka lastele alates 8a.<br \/>\nIlma tikkudeta tule alustamisel kasutatakse tulepulkasid, tuhka ja vatti, keemiat jt vahendeid. Iga osaleja saab proovida ka ise liikuda s\u00e4deme tekitamisest l\u00f5kkeleegi saavutamiseni.<\/p>\n<p><u>N\u00f5eltehnika<\/u> &#8211; max 10 inimest<br \/>\nT\u00f6\u00f6toa kestvus 4 h.<br \/>\nN\u00f5eltehnika on muinasaegne viis valmistada villaseid tekstiilesemeid \u2013 kindad, sokid jms. N\u00f5ela ja l\u00f5nga abil erinevate aasade vahel p\u00f5imides tekib hargnematu pind. T\u00f6\u00f6toa jooksul j\u00f5uab l\u00e4bi proovida 2-3 erinevat t\u00f6\u00f6v\u00f5tet ja alustada m\u00f5nd eset.<\/p>\n<h6>Loeng+tegevus<\/h6>\n<p><u>Eesti pulmap\u00e4rimus, pulmapaelte tegemine<\/u> &#8211; kuni 10 inimest<br \/>\nT\u00f6\u00f6toa kestvus 2 h.<br \/>\nMeie pulmap\u00e4rimus on uhke ja v\u00e4\u00e4rikas. Loengus saab kuulda ja tutvuda erinevate pulma etappide, rollide, vajalike esemete jms rituaalidega. M\u00f5ned neist katsetatakse ka reaalselt l\u00e4bi. Lisaks punume ja kaunistame koos traditsioonilisi pulmapaelu.<u>\u00a0<\/u><\/p>\n<p><u>Rahvakalendri p\u00e4rimus<\/u><br \/>\nTegevuse kestvus 1 h.<br \/>\nSobilik eelk\u00f5ige kooliprogrammi.<br \/>\nMeie rahvakalendri mitmek\u00fclgsus pakub huvitavat kogemist terve aasta jooksul. P\u00e4rimustunnis tutvutakse rahvakalendri kindla t\u00e4htp\u00e4evaga, tehakse l\u00e4bi kombeid, m\u00e4nge ja meisterdusi.<\/p>\n<h6><u>K\u00f5hud t\u00e4is<\/u><\/h6>\n<p><u>L\u00f5kketoidud<br \/>\n<\/u>L\u00f5kketoitudena valmistatakse rikkalik s\u00f6\u00f6gilaud \u2013 erinevad lihad, kala, juurikad, munad, leivad jms. K\u00f5ik l\u00f5kke ja elusa tule kumal ning soojas. L\u00f5kketoitude valmistamine eeldab tingimuste olemasolu \u2013 lai l\u00f5kkekoht, katusealune, lauad.<\/p>\n<p>&nbsp;<\/p>\n<p>Iga pakutava t\u00f6\u00f6toa juurde kuuluvad k\u00f5ik materjalid, t\u00f6\u00f6vahendid, ettevalmistus, j\u00e4relkorrastus, transport jms. Hinnad olenevad tegevuse asukohst, mahust, inimeste arvust ja vajaliku materjali kogusest.<br \/>\nSaame esitada arvet, km ei lisandu.<\/p>\n<p>Palume t\u00f6\u00f6tubadele ja teenustele v\u00f5imalikult pikka etteteatamise aega. Minimaalselt 1 n\u00e4dal, mis on oluline, et korraldada vajadusel abilisi aga eelk\u00f5ige varuda materjalid ja korrastada t\u00f6\u00f6riistad jms.<\/p>\n<p>T\u00f6\u00f6toa \u00e4ra\u00fctlemise aeg on minimaalselt 2 p\u00e4eva, l\u00f5kketoitudel 5.<\/p>\n<p><strong>Nimekiri t\u00e4ieneb pidevalt. K\u00f5ikide erisoovide osas andke oma m\u00f5tetest julgelt teada. Saame aidata erinevate t\u00f6\u00f6tubade l\u00e4biviimisega, kuid panna \u00f5la alla ka kogu s\u00fcndmuse organiseerimisel.<\/strong><\/p>\n","protected":false},"excerpt":{"rendered":"<p>&nbsp;<\/p>\n<h6>1-aastane rahvap\u00e4rase puut\u00f6\u00f6kool 2024\/2025<\/h6>\n<p>Peremees Roland Burk kuulutab v\u00e4lja rahvap\u00e4rase puut\u00f6\u00f6 1-aastase baas\u00f5ppe.<\/p>\n<p><a href=\"https:\/\/parimuskoda.ee\/et\/1-aastane-rahvaparase-puutoo-baaskoolitus\/\">Rohkem infot SIIT.<\/a><\/p>\n<p>&nbsp;&#8230;<\/p>\n","protected":false},"author":1,"featured_media":0,"parent":0,"menu_order":0,"comment_status":"closed","ping_status":"closed","template":"","meta":{"_monsterinsights_skip_tracking":false,"_monsterinsights_sitenote_active":false,"_monsterinsights_sitenote_note":"","_monsterinsights_sitenote_category":0,"footnotes":""},"class_list":["post-13","page","type-page","status-publish","hentry"],"aioseo_notices":[],"_links":{"self":[{"href":"https:\/\/parimuskoda.ee\/et\/wp-json\/wp\/v2\/pages\/13","targetHints":{"allow":["GET"]}}],"collection":[{"href":"https:\/\/parimuskoda.ee\/et\/wp-json\/wp\/v2\/pages"}],"about":[{"href":"https:\/\/parimuskoda.ee\/et\/wp-json\/wp\/v2\/types\/page"}],"author":[{"embeddable":true,"href":"https:\/\/parimuskoda.ee\/et\/wp-json\/wp\/v2\/users\/1"}],"replies":[{"embeddable":true,"href":"https:\/\/parimuskoda.ee\/et\/wp-json\/wp\/v2\/comments?post=13"}],"version-history":[{"count":36,"href":"https:\/\/parimuskoda.ee\/et\/wp-json\/wp\/v2\/pages\/13\/revisions"}],"predecessor-version":[{"id":807,"href":"https:\/\/parimuskoda.ee\/et\/wp-json\/wp\/v2\/pages\/13\/revisions\/807"}],"wp:attachment":[{"href":"https:\/\/parimuskoda.ee\/et\/wp-json\/wp\/v2\/media?parent=13"}],"curies":[{"name":"wp","href":"https:\/\/api.w.org\/{rel}","templated":true}]}}