{"id":15,"date":"2018-07-27T08:24:39","date_gmt":"2018-07-27T08:24:39","guid":{"rendered":"https:\/\/parimuskoda.ee\/?page_id=15"},"modified":"2023-05-16T19:12:27","modified_gmt":"2023-05-16T19:12:27","slug":"eesti-parimuspulm","status":"publish","type":"page","link":"https:\/\/parimuskoda.ee\/et\/eesti-parimuspulm\/","title":{"rendered":"Pulmap\u00e4rimus"},"content":{"rendered":"<p>Pulm elu olulisima siirderiitusena matuste ning s\u00fcnni k\u00f5rval on aga koosk\u00f5la nii ainelisest kui vaimsest p\u00e4randist, kus \u00fcks ei saa teiseta. Hoolimata ajast on pulmade eesm\u00e4rk olnud alati sama \u2013 tugeva uue liidu s\u00f5lmimiseks ning sellele \u00f5nne ja viljakuse andmine. Lihtsalt viis, kuidas kombeid l\u00e4bi viiakse, on muutunud. T\u00e4nap\u00e4eval on kaugema p\u00e4rimuse austajate seas levinud ka viis, kus valdav osa pulma \u00fclesehitusest on kaasaegne, kuid sinna juurde on sobitatud olulisemad vanemad pulmakombed.<\/p>\n<p><a href=\"https:\/\/parimuskoda.ee\/wp-content\/uploads\/2018\/08\/MLC1220.jpg\"><img loading=\"lazy\" decoding=\"async\" class=\"alignnone size-full wp-image-494\" src=\"https:\/\/parimuskoda.ee\/wp-content\/uploads\/2018\/08\/MLC1220.jpg\" alt=\"\" width=\"1200\" height=\"801\" srcset=\"https:\/\/parimuskoda.ee\/wp-content\/uploads\/2018\/08\/MLC1220.jpg 1200w, https:\/\/parimuskoda.ee\/wp-content\/uploads\/2018\/08\/MLC1220-300x200.jpg 300w, https:\/\/parimuskoda.ee\/wp-content\/uploads\/2018\/08\/MLC1220-768x513.jpg 768w, https:\/\/parimuskoda.ee\/wp-content\/uploads\/2018\/08\/MLC1220-1024x684.jpg 1024w, https:\/\/parimuskoda.ee\/wp-content\/uploads\/2018\/08\/MLC1220-640x427.jpg 640w\" sizes=\"auto, (max-width: 1200px) 100vw, 1200px\" \/><\/a><\/p>\n<p><a href=\"https:\/\/parimuskoda.ee\/et\/materjale-parimuslikest-pulmadest\/\" target=\"_blank\" rel=\"noopener noreferrer\">Materjale Eesti pulmap\u00e4rimusest<\/a><\/p>\n<p>&nbsp;<\/p>\n<h6>K\u00fcsimuste korral uuri t\u00e4psemalt: liis@parimuskoda.ee<\/h6>\n","protected":false},"excerpt":{"rendered":"<p>Pulm elu olulisima siirderiitusena matuste ning s\u00fcnni k\u00f5rval on aga koosk\u00f5la nii ainelisest kui vaimsest p\u00e4randist, kus \u00fcks ei saa teiseta. Hoolimata ajast on pulmade eesm\u00e4rk olnud alati sama \u2013 tugeva uue liidu s\u00f5lmimiseks ning sellele \u00f5nne ja viljak&#8230;<\/p>\n","protected":false},"author":1,"featured_media":0,"parent":0,"menu_order":0,"comment_status":"closed","ping_status":"closed","template":"","meta":{"_monsterinsights_skip_tracking":false,"_monsterinsights_sitenote_active":false,"_monsterinsights_sitenote_note":"","_monsterinsights_sitenote_category":0,"footnotes":""},"class_list":["post-15","page","type-page","status-publish","hentry"],"aioseo_notices":[],"_links":{"self":[{"href":"https:\/\/parimuskoda.ee\/et\/wp-json\/wp\/v2\/pages\/15","targetHints":{"allow":["GET"]}}],"collection":[{"href":"https:\/\/parimuskoda.ee\/et\/wp-json\/wp\/v2\/pages"}],"about":[{"href":"https:\/\/parimuskoda.ee\/et\/wp-json\/wp\/v2\/types\/page"}],"author":[{"embeddable":true,"href":"https:\/\/parimuskoda.ee\/et\/wp-json\/wp\/v2\/users\/1"}],"replies":[{"embeddable":true,"href":"https:\/\/parimuskoda.ee\/et\/wp-json\/wp\/v2\/comments?post=15"}],"version-history":[{"count":20,"href":"https:\/\/parimuskoda.ee\/et\/wp-json\/wp\/v2\/pages\/15\/revisions"}],"predecessor-version":[{"id":716,"href":"https:\/\/parimuskoda.ee\/et\/wp-json\/wp\/v2\/pages\/15\/revisions\/716"}],"wp:attachment":[{"href":"https:\/\/parimuskoda.ee\/et\/wp-json\/wp\/v2\/media?parent=15"}],"curies":[{"name":"wp","href":"https:\/\/api.w.org\/{rel}","templated":true}]}}