{"id":548,"date":"2019-03-08T09:06:46","date_gmt":"2019-03-08T09:06:46","guid":{"rendered":"https:\/\/parimuskoda.ee\/?page_id=548"},"modified":"2023-05-16T18:47:03","modified_gmt":"2023-05-16T18:47:03","slug":"must-passik","status":"publish","type":"page","link":"https:\/\/parimuskoda.ee\/et\/must-passik\/","title":{"rendered":"Must p\u00e4ssik"},"content":{"rendered":"<p><strong>Piiluge meie MUST p\u00e4ssiku t\u00f5mmise kohta l\u00e4hemalt:<\/strong><\/p>\n<p>www.passik.ee<\/p>\n<p><strong>E-pood<\/strong> <a href=\"https:\/\/passik.ee\/pood\/\" target=\"_blank\" rel=\"noopener\">www.passik.ee\/pood<\/a><\/p>\n<p>&nbsp;<\/p>\n<p>Must p\u00e4ssik ehk t\u0161aaga on juba rahvap\u00e4rimusest tuntud aktiivselt kasutatudseen. Puu t\u00fcve k\u00fclge kasvab ebakorrap\u00e4rase kuju, krobelise ja kergesti puruneva v\u00e4lispinnaga must m\u00fcgar, justkui s\u00f6et\u00fckk. P\u00e4ssik kasvab looduses kaua, 10+ aastat enne kui hakkab v\u00e4lja paistma. Lahemaa p\u00e4rimuskoja MUST p\u00e4ssiku t\u00f5mmises on kasutatud vaid looduslikult kasvanud p\u00e4ssikut. Samuti ei lisa me oma t\u00f5mmisesse mett, alkoholi, maitsem\u00f5jutajaid ega ravimtaimi. Meie jook on puhas!<\/p>\n<p>&nbsp;<\/p>\n<p><strong>Pakume 3-\u00f6\u00f6p\u00e4evast tugevat t\u00f5mmist 0,5liitristes ja 1liitristes taassuletavates pudelites. Hinnad on 15 eurot (0,5 l) ja 25 eurot (1l) pudeli kohta. Soovi korral saame kaupa saata ka postiautomaati \u00fcle Eesti. V\u00f5ta meiega julgelt \u00fchendust, +372 55 66 1535, passik@passik.ee<\/strong><\/p>\n<p>&nbsp;<\/p>\n","protected":false},"excerpt":{"rendered":"<p><strong>Piiluge meie MUST p\u00e4ssiku t\u00f5mmise kohta l\u00e4hemalt:<\/strong><\/p>\n<p>www.passik.ee<\/p>\n<p><strong>E-pood<\/strong> <a href=\"https:\/\/passik.ee\/pood\/\" target=\"_blank\" rel=\"noopener\">www.passik.ee\/pood<\/a><\/p>\n<p>&nbsp;<\/p>\n<p>Must p\u00e4ssik ehk t\u0161aaga on juba rahvap\u00e4&#8230;<\/p>\n","protected":false},"author":1,"featured_media":0,"parent":0,"menu_order":0,"comment_status":"closed","ping_status":"closed","template":"","meta":{"_monsterinsights_skip_tracking":false,"_monsterinsights_sitenote_active":false,"_monsterinsights_sitenote_note":"","_monsterinsights_sitenote_category":0,"footnotes":""},"class_list":["post-548","page","type-page","status-publish","hentry"],"aioseo_notices":[],"_links":{"self":[{"href":"https:\/\/parimuskoda.ee\/et\/wp-json\/wp\/v2\/pages\/548","targetHints":{"allow":["GET"]}}],"collection":[{"href":"https:\/\/parimuskoda.ee\/et\/wp-json\/wp\/v2\/pages"}],"about":[{"href":"https:\/\/parimuskoda.ee\/et\/wp-json\/wp\/v2\/types\/page"}],"author":[{"embeddable":true,"href":"https:\/\/parimuskoda.ee\/et\/wp-json\/wp\/v2\/users\/1"}],"replies":[{"embeddable":true,"href":"https:\/\/parimuskoda.ee\/et\/wp-json\/wp\/v2\/comments?post=548"}],"version-history":[{"count":13,"href":"https:\/\/parimuskoda.ee\/et\/wp-json\/wp\/v2\/pages\/548\/revisions"}],"predecessor-version":[{"id":686,"href":"https:\/\/parimuskoda.ee\/et\/wp-json\/wp\/v2\/pages\/548\/revisions\/686"}],"wp:attachment":[{"href":"https:\/\/parimuskoda.ee\/et\/wp-json\/wp\/v2\/media?parent=548"}],"curies":[{"name":"wp","href":"https:\/\/api.w.org\/{rel}","templated":true}]}}