{"id":623,"date":"2021-10-01T06:01:54","date_gmt":"2021-10-01T06:01:54","guid":{"rendered":"https:\/\/parimuskoda.ee\/?page_id=623"},"modified":"2021-10-01T06:37:19","modified_gmt":"2021-10-01T06:37:19","slug":"kolga-kasitoopesa","status":"publish","type":"page","link":"https:\/\/parimuskoda.ee\/et\/kolga-kasitoopesa\/","title":{"rendered":"K\u00e4sit\u00f6\u00f6pesa"},"content":{"rendered":"<p>Kolga seltsimajas (Kolga alevik, Kuusalu vald) on \u00fcks villa ja kangaid t\u00e4is ruum. Selle toa nimi on &#8220;Kolga k\u00e4sit\u00f6\u00f6pesa&#8221;. Seal saab \u00f5mmelda, kirikangastelgedel kududa, on olemas kudumismasin ning teha v\u00e4ga palju muid erinevaid k\u00e4sit\u00f6\u00f6tehnikaid. Tegemist on juba aastaid helesinise unistusena olnud m\u00f5ttest, et kogukonnal oleks enda koht, kus on vahendid ja tingimused k\u00e4sit\u00f6\u00f6 tegemiseks. Koht, kuhu tulla just ise midagi tegema. N\u00fc\u00fcd on see p\u00e4riselt olemas.<\/p>\n<p>K\u00f5ik k\u00e4sit\u00f6\u00f6toas olev on kogutud annetuste ja kingitustena ning tegevus p\u00f5hineb vabatahtlikkusel.<\/p>\n<p>Kogukonnale suunatud k\u00e4sit\u00f6\u00f6pesas\u00a0toimuvad aegajalt\u00a0erinevad k\u00e4sit\u00f6\u00f6koolitused, milledest anname aegsasti ette teada.\u00a0Samuti saab aega kokku leppides tulla ka ise telgedel kuduma.<\/p>\n<p>V\u00e4ga oodatud on ettepanekud, milliseid koolitusi soovite, et k\u00e4sit\u00f6\u00f6pesas toimuks v\u00f5i ehk oskate ise midagi sellist teha, mida k\u00f5ikidele edasi anda.<\/p>\n<p>Soovid, ideed, ettepanekud: liis@parimuskoda.ee, 55959817 (Liis)<br \/>\nK\u00e4sit\u00f6\u00f6pesa veab eest Lahemaa p\u00e4rimuskoda, Liis Burk (perenaine)<\/p>\n<p>&nbsp;<\/p>\n<p>Koolituste kohta t\u00e4psem info: <a href=\"https:\/\/kolgaseltsimaja.ee\/index.php\/kasitoopesa\" target=\"_blank\" rel=\"noopener\">https:\/\/kolgaseltsimaja.ee\/index.php\/kasitoopesa<\/a><\/p>\n<p>&nbsp;<\/p>\n<p><a href=\"https:\/\/parimuskoda.ee\/wp-content\/uploads\/2021\/10\/243454598_268215035181844_1932831474991676092_n.jpg\"><img loading=\"lazy\" decoding=\"async\" class=\"alignnone size-full wp-image-624\" src=\"https:\/\/parimuskoda.ee\/wp-content\/uploads\/2021\/10\/243454598_268215035181844_1932831474991676092_n.jpg\" alt=\"\" width=\"576\" height=\"768\" srcset=\"https:\/\/parimuskoda.ee\/wp-content\/uploads\/2021\/10\/243454598_268215035181844_1932831474991676092_n.jpg 576w, https:\/\/parimuskoda.ee\/wp-content\/uploads\/2021\/10\/243454598_268215035181844_1932831474991676092_n-225x300.jpg 225w, https:\/\/parimuskoda.ee\/wp-content\/uploads\/2021\/10\/243454598_268215035181844_1932831474991676092_n-480x640.jpg 480w\" sizes=\"auto, (max-width: 576px) 100vw, 576px\" \/><\/a> <a href=\"https:\/\/parimuskoda.ee\/wp-content\/uploads\/2021\/10\/243645679_157828853135999_225239398314050210_n.jpg\"><img loading=\"lazy\" decoding=\"async\" class=\"alignnone size-full wp-image-625\" src=\"https:\/\/parimuskoda.ee\/wp-content\/uploads\/2021\/10\/243645679_157828853135999_225239398314050210_n.jpg\" alt=\"\" width=\"768\" height=\"576\" srcset=\"https:\/\/parimuskoda.ee\/wp-content\/uploads\/2021\/10\/243645679_157828853135999_225239398314050210_n.jpg 768w, https:\/\/parimuskoda.ee\/wp-content\/uploads\/2021\/10\/243645679_157828853135999_225239398314050210_n-300x225.jpg 300w, https:\/\/parimuskoda.ee\/wp-content\/uploads\/2021\/10\/243645679_157828853135999_225239398314050210_n-640x480.jpg 640w\" sizes=\"auto, (max-width: 768px) 100vw, 768px\" \/><\/a><\/p>\n<p>&nbsp;<\/p>\n<p>&nbsp;<\/p>\n","protected":false},"excerpt":{"rendered":"<p>Kolga seltsimajas (Kolga alevik, Kuusalu vald) on \u00fcks villa ja kangaid t\u00e4is ruum. Selle toa nimi on &#8220;Kolga k\u00e4sit\u00f6\u00f6pesa&#8221;. Seal saab \u00f5mmelda, kirikangastelgedel kududa, on olemas kudumismasin ning teha v\u00e4ga palju muid erinevaid k\u00e4sit\u00f6\u00f6tehnikaid. Tegemi&#8230;<\/p>\n","protected":false},"author":1,"featured_media":0,"parent":0,"menu_order":0,"comment_status":"closed","ping_status":"closed","template":"","meta":{"_monsterinsights_skip_tracking":false,"_monsterinsights_sitenote_active":false,"_monsterinsights_sitenote_note":"","_monsterinsights_sitenote_category":0,"footnotes":""},"class_list":["post-623","page","type-page","status-publish","hentry"],"aioseo_notices":[],"_links":{"self":[{"href":"https:\/\/parimuskoda.ee\/et\/wp-json\/wp\/v2\/pages\/623","targetHints":{"allow":["GET"]}}],"collection":[{"href":"https:\/\/parimuskoda.ee\/et\/wp-json\/wp\/v2\/pages"}],"about":[{"href":"https:\/\/parimuskoda.ee\/et\/wp-json\/wp\/v2\/types\/page"}],"author":[{"embeddable":true,"href":"https:\/\/parimuskoda.ee\/et\/wp-json\/wp\/v2\/users\/1"}],"replies":[{"embeddable":true,"href":"https:\/\/parimuskoda.ee\/et\/wp-json\/wp\/v2\/comments?post=623"}],"version-history":[{"count":5,"href":"https:\/\/parimuskoda.ee\/et\/wp-json\/wp\/v2\/pages\/623\/revisions"}],"predecessor-version":[{"id":642,"href":"https:\/\/parimuskoda.ee\/et\/wp-json\/wp\/v2\/pages\/623\/revisions\/642"}],"wp:attachment":[{"href":"https:\/\/parimuskoda.ee\/et\/wp-json\/wp\/v2\/media?parent=623"}],"curies":[{"name":"wp","href":"https:\/\/api.w.org\/{rel}","templated":true}]}}