{"id":63,"date":"2018-07-27T10:48:27","date_gmt":"2018-07-27T10:48:27","guid":{"rendered":"https:\/\/parimuskoda.ee\/?page_id=63"},"modified":"2023-11-24T12:32:19","modified_gmt":"2023-11-24T12:32:19","slug":"avaleht","status":"publish","type":"page","link":"https:\/\/parimuskoda.ee\/et\/","title":{"rendered":"Avaleht"},"content":{"rendered":"<p>Lahemaa P\u00e4rimuskoda hoiab, viljeleb, edendab ja annab edasi meile omast kultuurip\u00e4randit l\u00e4bi hoiaku, koolituste, s\u00fcndmuste ja eluviiside.<\/p>\n\r\n\t<div class=\"psac-post-slider-wrp psac-slider-and-carousel psac-clearfix\">\r\n\t\t<div class=\"psac-post-slider owl-carousel psac-design-2\" id=\"psac-slider-1\" data-conf=\"{&quot;dots&quot;:true,&quot;arrows&quot;:true,&quot;autoplay&quot;:true,&quot;autoplay_interval&quot;:4000,&quot;speed&quot;:600,&quot;loop&quot;:true}\">\r\n\t\t\t<div class=\"psac-post-slides\">\r\n\t<div class=\"psac-post-left psac-col-2 psac-columns\">\r\n\t\t<div class=\"psac-post-overlay\">\r\n\t\t<div class=\"psac-alignmiddle\">\r\n\t\t\t\t\t\t\t<div class=\"psac-post-categories\"><a class=\"psac-post-cat psac-post-cat-1\" href=\"https:\/\/parimuskoda.ee\/et\/category\/uncategorized\/\">Galerii<\/a><\/div>\r\n\t\t\t\r\n\t\t\t<h2 class=\"psac-post-title\">\r\n\t\t\t\t<a href=\"https:\/\/parimuskoda.ee\/et\/uncategorized\/1-aastane-rahvaparase-puutoo-baaskoolitus-2024-2025\/\">1-aastane rahvap\u00e4rase puut\u00f6\u00f6 baaskoolitus 2024\/2025<\/a>\r\n\t\t\t<\/h2>\r\n\r\n\t\t\t\t\t\t\t<div class=\"psac-post-meta\">\r\n\t\t\t\t\t\t\t\t\t\t\t\t\t\t<\/div>\r\n\t\t\t\t\t\t\t<div class=\"psac-post-content\">\r\n\t\t\t\t\t<div class=\"psac-post-short-content\">Lahemaa p\u00e4rimuskoja peremees Roland Burk kutsub kokku rahvap\u00e4rase puut\u00f6\u00f6 baaskoolituse 2024\/2025. &nbsp; T\u00e4psem info SIIT:<\/div>\r\n\t\t\t\t\t\t\t\t\t<\/div>\r\n\t\t\t\t\t\t<\/div>\r\n\t\t<\/div>\r\n\t<\/div>\r\n\t<div class=\"psac-post-right psac-col-2 psac-columns\">\r\n\t\t<a href=\"https:\/\/parimuskoda.ee\/et\/uncategorized\/1-aastane-rahvaparase-puutoo-baaskoolitus-2024-2025\/\" class=\"psac-link-overlay\"><\/a>\r\n\t\t<div class=\"psac-post-image-bg\" style=\" background-image: url(&#039;https:\/\/parimuskoda.ee\/wp-content\/uploads\/2018\/07\/IMG_8821-683x1024.jpg&#039;); \" ><\/div>\r\n\t<\/div>\r\n<\/div><div class=\"psac-post-slides\">\r\n\t<div class=\"psac-post-left psac-col-2 psac-columns\">\r\n\t\t<div class=\"psac-post-overlay\">\r\n\t\t<div class=\"psac-alignmiddle\">\r\n\t\t\t\t\t\t\t<div class=\"psac-post-categories\"><a class=\"psac-post-cat psac-post-cat-1\" href=\"https:\/\/parimuskoda.ee\/et\/category\/uncategorized\/\">Galerii<\/a><\/div>\r\n\t\t\t\r\n\t\t\t<h2 class=\"psac-post-title\">\r\n\t\t\t\t<a href=\"https:\/\/parimuskoda.ee\/et\/uncategorized\/1-ruutmeeter-kiukanepit\/\">1 ruutmeeter kiukanepit<\/a>\r\n\t\t\t<\/h2>\r\n\r\n\t\t\t\t\t\t\t<div class=\"psac-post-meta\">\r\n\t\t\t\t\t\t\t\t\t\t\t\t\t\t\t\t<span class=\"psac-post-meta-innr psac-post-comments\">\r\n\t\t\t\t\t\t\t<a href=\"https:\/\/parimuskoda.ee\/et\/uncategorized\/1-ruutmeeter-kiukanepit\/#comments\">2 Replies<\/a>\r\n\t\t\t\t\t\t<\/span>\r\n\t\t\t\t\t\t\t\t\t<\/div>\r\n\t\t\t\t\t\t\t<div class=\"psac-post-content\">\r\n\t\t\t\t\t<div class=\"psac-post-short-content\">2024. aastal toimub projekt 1 ruutmeeter kiukanepit Iidne taim harilik kanep on leidnud kasutust nii meditsiinis oma proteiinirikka seemne poolest...<\/div>\r\n\t\t\t\t\t\t\t\t\t<\/div>\r\n\t\t\t\t\t\t<\/div>\r\n\t\t<\/div>\r\n\t<\/div>\r\n\t<div class=\"psac-post-right psac-col-2 psac-columns\">\r\n\t\t<a href=\"https:\/\/parimuskoda.ee\/et\/uncategorized\/1-ruutmeeter-kiukanepit\/\" class=\"psac-link-overlay\"><\/a>\r\n\t\t<div class=\"psac-post-image-bg\" style=\" background-image: url(&#039;https:\/\/parimuskoda.ee\/wp-content\/uploads\/2024\/01\/Kiukanepi_logo_alg.png&#039;); \" ><\/div>\r\n\t<\/div>\r\n<\/div><div class=\"psac-post-slides\">\r\n\t<div class=\"psac-post-left psac-col-2 psac-columns\">\r\n\t\t<div class=\"psac-post-overlay\">\r\n\t\t<div class=\"psac-alignmiddle\">\r\n\t\t\t\t\t\t\t<div class=\"psac-post-categories\"><a class=\"psac-post-cat psac-post-cat-1\" href=\"https:\/\/parimuskoda.ee\/et\/category\/uncategorized\/\">Galerii<\/a><\/div>\r\n\t\t\t\r\n\t\t\t<h2 class=\"psac-post-title\">\r\n\t\t\t\t<a href=\"https:\/\/parimuskoda.ee\/et\/uncategorized\/lahemaa-parimuskoja-must-passiku-tommis\/\">Lahemaa p\u00e4rimuskoja Must p\u00e4ssiku t\u00f5mmis<\/a>\r\n\t\t\t<\/h2>\r\n\r\n\t\t\t\t\t\t\t<div class=\"psac-post-meta\">\r\n\t\t\t\t\t\t\t\t\t\t\t\t\t\t<\/div>\r\n\t\t\t\t\t\t\t<div class=\"psac-post-content\">\r\n\t\t\t\t\t<div class=\"psac-post-short-content\">LAHEMAA P\u00c4RIMUSKOJA MUST P\u00c4SSIKU T\u00d5MMIS &nbsp; Vaata l\u00e4hemalt ja soeta endalegi: www.passik.ee &nbsp; Lahemaa p\u00e4rimuskoda tee...<\/div>\r\n\t\t\t\t\t\t\t\t\t<\/div>\r\n\t\t\t\t\t\t<\/div>\r\n\t\t<\/div>\r\n\t<\/div>\r\n\t<div class=\"psac-post-right psac-col-2 psac-columns\">\r\n\t\t<a href=\"https:\/\/parimuskoda.ee\/et\/uncategorized\/lahemaa-parimuskoja-must-passiku-tommis\/\" class=\"psac-link-overlay\"><\/a>\r\n\t\t<div class=\"psac-post-image-bg\" style=\" background-image: url(&#039;https:\/\/parimuskoda.ee\/wp-content\/uploads\/2018\/07\/Kevad2021_2-768x1024.jpeg&#039;); \" ><\/div>\r\n\t<\/div>\r\n<\/div><div class=\"psac-post-slides\">\r\n\t<div class=\"psac-post-left psac-col-2 psac-columns\">\r\n\t\t<div class=\"psac-post-overlay\">\r\n\t\t<div class=\"psac-alignmiddle\">\r\n\t\t\t\t\t\t\t<div class=\"psac-post-categories\"><a class=\"psac-post-cat psac-post-cat-1\" href=\"https:\/\/parimuskoda.ee\/et\/category\/uncategorized\/\">Galerii<\/a><\/div>\r\n\t\t\t\r\n\t\t\t<h2 class=\"psac-post-title\">\r\n\t\t\t\t<a href=\"https:\/\/parimuskoda.ee\/et\/uncategorized\/meie-pakutavad-tootoad\/\">Meie pakutavad t\u00f6\u00f6toad<\/a>\r\n\t\t\t<\/h2>\r\n\r\n\t\t\t\t\t\t\t<div class=\"psac-post-meta\">\r\n\t\t\t\t\t\t\t\t\t\t\t\t\t\t<\/div>\r\n\t\t\t\t\t\t\t<div class=\"psac-post-content\">\r\n\t\t\t\t\t<div class=\"psac-post-short-content\">Lahemaa p\u00e4rimuskoja perenaine Liisu ja peremees Roland viivad r\u00f5\u00f5muga l\u00e4bi erinevaid t\u00f6\u00f6tubasid. Tule k\u00fclla meile v\u00f5i kutsu endale sobivasse asukohta...<\/div>\r\n\t\t\t\t\t\t\t\t\t<\/div>\r\n\t\t\t\t\t\t<\/div>\r\n\t\t<\/div>\r\n\t<\/div>\r\n\t<div class=\"psac-post-right psac-col-2 psac-columns\">\r\n\t\t<a href=\"https:\/\/parimuskoda.ee\/et\/uncategorized\/meie-pakutavad-tootoad\/\" class=\"psac-link-overlay\"><\/a>\r\n\t\t<div class=\"psac-post-image-bg\" style=\" background-image: url(&#039;https:\/\/parimuskoda.ee\/wp-content\/uploads\/2018\/07\/image7-768x1024.jpeg&#039;); \" ><\/div>\r\n\t<\/div>\r\n<\/div>\t\t<\/div>\r\n\t<\/div>\r\n\r\n\t\n","protected":false},"excerpt":{"rendered":"<p>Lahemaa p\u00e4rimuskoja perenaine Liisu ja peremees Roland viivad r\u00f5\u00f5muga l\u00e4bi erinevaid t\u00f6\u00f6tubasid.<\/p>\n<p>Tule k\u00fclla meile v\u00f5i kutsu endale sobivasse asukohta v\u00f5i s\u00fcndmusele.<\/p>\n<p><a href=\"https:\/\/parimuskoda.ee\/opitoad\/\" target=\"_blank\" rel=\"noopener\">T\u00e4pse&#8230;<\/p>\n","protected":false},"author":1,"featured_media":0,"parent":0,"menu_order":0,"comment_status":"closed","ping_status":"closed","template":"","meta":{"_monsterinsights_skip_tracking":false,"_monsterinsights_sitenote_active":false,"_monsterinsights_sitenote_note":"","_monsterinsights_sitenote_category":0,"footnotes":""},"class_list":["post-63","page","type-page","status-publish","hentry"],"aioseo_notices":[],"_links":{"self":[{"href":"https:\/\/parimuskoda.ee\/et\/wp-json\/wp\/v2\/pages\/63","targetHints":{"allow":["GET"]}}],"collection":[{"href":"https:\/\/parimuskoda.ee\/et\/wp-json\/wp\/v2\/pages"}],"about":[{"href":"https:\/\/parimuskoda.ee\/et\/wp-json\/wp\/v2\/types\/page"}],"author":[{"embeddable":true,"href":"https:\/\/parimuskoda.ee\/et\/wp-json\/wp\/v2\/users\/1"}],"replies":[{"embeddable":true,"href":"https:\/\/parimuskoda.ee\/et\/wp-json\/wp\/v2\/comments?post=63"}],"version-history":[{"count":67,"href":"https:\/\/parimuskoda.ee\/et\/wp-json\/wp\/v2\/pages\/63\/revisions"}],"predecessor-version":[{"id":734,"href":"https:\/\/parimuskoda.ee\/et\/wp-json\/wp\/v2\/pages\/63\/revisions\/734"}],"wp:attachment":[{"href":"https:\/\/parimuskoda.ee\/et\/wp-json\/wp\/v2\/media?parent=63"}],"curies":[{"name":"wp","href":"https:\/\/api.w.org\/{rel}","templated":true}]}}