{"id":752,"date":"2024-01-07T07:05:38","date_gmt":"2024-01-07T07:05:38","guid":{"rendered":"https:\/\/parimuskoda.ee\/?page_id=752"},"modified":"2024-01-11T13:48:42","modified_gmt":"2024-01-11T13:48:42","slug":"taimsete-kiudude-alaliit","status":"publish","type":"page","link":"https:\/\/parimuskoda.ee\/et\/taimsete-kiudude-alaliit\/","title":{"rendered":"Taimsete kiudude alaliit"},"content":{"rendered":"<p>&nbsp;<\/p>\n<p>Oled huvitatud enda emaili lisama Taimsete kiudude alaliidu infolisti? Kui JAH, siis t\u00e4ida allolev vorm:<br \/>\n<strong><a class=\"x1fey0fg xmper1u x1edh9d7\" href=\"https:\/\/forms.gle\/ixweXdWKEqpg2kz7A\">https:\/\/forms.gle\/ixweXdWKEqpg2kz7A<\/a><\/strong><br \/>\nKajastame oma tegevusi aegajalt kajastama l\u00e4bi emaili-listi. Kui soovid olla taimsete kiudude teemaliste ja meie eesolevaid tegevusi reklaamivate infokirjade saaja, siis pane end aga kirja.<\/p>\n<p>Leia meie tegemisi ka Facebookist. FB <strong><a href=\"https:\/\/www.facebook.com\/taimsetekiududehuvilised\">https:\/\/www.facebook.com\/taimsetekiududehuvilised<\/a><\/strong><\/p>\n<p>2024 . aastal p\u00f6\u00f6rame oma t\u00e4helepanu aga j\u00e4rgmisele taimsele kiule, milleks on kiukanep.<\/p>\n<p><strong>Toimub projekt 1 RUUTMEETER KIUKANEPIT<\/strong><\/p>\n<p><a href=\"https:\/\/parimuskoda.ee\/wp-content\/uploads\/2024\/01\/Kiukanepi_logo_alg.png\"><img loading=\"lazy\" decoding=\"async\" class=\"alignnone size-full wp-image-766\" src=\"https:\/\/parimuskoda.ee\/wp-content\/uploads\/2024\/01\/Kiukanepi_logo_alg.png\" alt=\"\" width=\"729\" height=\"725\" srcset=\"https:\/\/parimuskoda.ee\/wp-content\/uploads\/2024\/01\/Kiukanepi_logo_alg.png 729w, https:\/\/parimuskoda.ee\/wp-content\/uploads\/2024\/01\/Kiukanepi_logo_alg-300x298.png 300w, https:\/\/parimuskoda.ee\/wp-content\/uploads\/2024\/01\/Kiukanepi_logo_alg-150x150.png 150w, https:\/\/parimuskoda.ee\/wp-content\/uploads\/2024\/01\/Kiukanepi_logo_alg-640x636.png 640w\" sizes=\"auto, (max-width: 729px) 100vw, 729px\" \/><\/a><\/p>\n<p>Iidne taim harilik kanep on leidnud kasutust nii meditsiinis oma proteiinirikka seemne poolest kui kiu kasutuselt, mis oma omadustelt on tugev ja vastupidav h\u00f5\u00f5rdumisele. Eestis oli sajand tagasi kiukanepi kasvatus laialt levinud, seda kasvatati oma talu tarbeks valdavalt k\u00f6ie toormaterjaliks. On teada, et kanepikiust on valmistatud ka tekstiile, kuid kahjuks on allikmaterjali kiu t\u00f6\u00f6tlemise kohta v\u00e4he talletatud.<\/p>\n<p>Projekti 1m2 kiukanepit keskendub traditsioonilisel viisil kiukanepi t\u00f6\u00f6tlemisele l\u00f5nga saamise eesm\u00e4rgil. Toimub kiukanepi kasvatamine suure avaliku aktsioonina. Iga soovija saab 1 ruutmeetri kiukanepi kasvatamiseks vajaliku koguse sertifikaadiga seemneid ja infoflaieri, mis kajastab vastavat uurimust siinse traditsioonilise kiukanepi kasvatamise ning t\u00f6\u00f6v\u00f5tete kohta. Seltskonniti v\u00f5i asutuse kaupa saab k\u00fclvata sobivale maa-alale 1 ruutmeeter kiukanepit. Seemneid hakkame jagama veebruari l\u00f5pust.<\/p>\n<p><strong>TEGEVUSED<\/strong><\/p>\n<p>3. aprill \u2013 kiukanepi veebiseminar<\/p>\n<p>18.v\u00f5i 25.aprill \u2013 kiukanepi k\u00fclvamine Kurgjal<\/p>\n<p>19.-20.juuli \u2013 Kanepi Festival Kanepis<\/p>\n<p>10.august \u2013 kiukanepi kitkumine Kurgjal<\/p>\n<p>5.oktoober \u2013 kiukanepi laup\u00e4evak Kurgja talumuuseumis<\/p>\n<p>7.-9.november \u2013 1 rm kiukanepit esitlus Mardilaadal Unibet Arenal Tallinnas<\/p>\n<p>27. november \u2013 1 rm kiuknepit aastat kokkuv\u00f5ttev vebinar<\/p>\n<p>&nbsp;<\/p>\n<p>Rohkem infot: FB Taimsete kiudude huvilised<\/p>\n<p>Korraldab: ERKL taimsete kiudude alaliit. Kontakt: <a href=\"mailto:margit.pensa@gmail.com\">margit.pensa@gmail.com<\/a>, <a href=\"mailto:liis@parimuskoda.ee\">liis@parimuskoda.ee<\/a><\/p>\n<p>Koost\u00f6\u00f6partnerid: Eesti Rahvakunsti ja K\u00e4sit\u00f6\u00f6 Liit, Kanepi Vald, Carl Robert Jakobsoni Talumuuseum Kurgjal, Eesti Kultuurkapital<\/p>\n<p>&nbsp;<\/p>\n<p>_______________________________________________<\/p>\n<p>Taimsete kiudude alaliit kasvas v\u00e4lja Eesti Rahvakunsti ja K\u00e4sit\u00f6\u00f6 Liidu 2022. aastal toimunud P\u00f5hjamaade rahvusvahelisest projektist &#8220;1 ruutmeeter lina&#8221;, mille k\u00e4igus said 6 riigis (Eesti, Soome, Island, Rootsi, Taani ja Norra) soovijad kasvatada 1 ruutmeetril linataimi. Toimus seminare, t\u00f6\u00f6p\u00e4evakuid ja suurel m\u00e4\u00e4ral infovahetust nii Eesti kui ka suuremal rahvusvahelisel tasandil.<br \/>\n1 ruutmeeter lina projektist valmis ka kokkuv\u00f5ttev film Eesti Rahvakunsti ja k\u00e4sit\u00f6\u00f6liidul.<br \/>\nVaata siit &#8211; <strong><a href=\"https:\/\/www.youtube.com\/watch?v=bWqqHl1MNfc\">https:\/\/www.youtube.com\/watch?v=bWqqHl1MNfc<\/a><\/strong><br \/>\n1-aastasena planeeritud linaprojekti k\u00e4igus tekkis osalejatel suurem huvi juba unustatud tekstiilkiu taime vastu ning kasvas v\u00e4lja arvestatav aktiivgrupp, keda k\u00f5iki huvitab erinevate taimsete kiudude tekstiiliks t\u00f6\u00f6tlemine.<\/p>\n<p><strong>Meie tegemisi veavad eest:<\/strong><br \/>\nMargit Pensa (margit.pensa@gmail.com) &#8211; linauurija, taimsete kiudude huviline ja praktit.<br \/>\nLiis Burk (liis@parimuskoda.ee) &#8211; teemahuviline v\u00e4ikest viisi praktik, organiseeriv tugi<\/p>\n<p><a href=\"https:\/\/parimuskoda.ee\/wp-content\/uploads\/2024\/01\/IMG_8383-scaled.jpg\"><img loading=\"lazy\" decoding=\"async\" class=\"alignnone wp-image-767\" src=\"https:\/\/parimuskoda.ee\/wp-content\/uploads\/2024\/01\/IMG_8383-scaled.jpg\" alt=\"\" width=\"424\" height=\"566\" srcset=\"https:\/\/parimuskoda.ee\/wp-content\/uploads\/2024\/01\/IMG_8383-scaled.jpg 1920w, https:\/\/parimuskoda.ee\/wp-content\/uploads\/2024\/01\/IMG_8383-225x300.jpg 225w, https:\/\/parimuskoda.ee\/wp-content\/uploads\/2024\/01\/IMG_8383-768x1024.jpg 768w, https:\/\/parimuskoda.ee\/wp-content\/uploads\/2024\/01\/IMG_8383-1152x1536.jpg 1152w, https:\/\/parimuskoda.ee\/wp-content\/uploads\/2024\/01\/IMG_8383-1536x2048.jpg 1536w, https:\/\/parimuskoda.ee\/wp-content\/uploads\/2024\/01\/IMG_8383-480x640.jpg 480w\" sizes=\"auto, (max-width: 424px) 100vw, 424px\" \/><\/a> <a href=\"https:\/\/parimuskoda.ee\/wp-content\/uploads\/2024\/01\/IMG_8554-scaled.jpg\"><img loading=\"lazy\" decoding=\"async\" class=\"alignnone wp-image-768\" src=\"https:\/\/parimuskoda.ee\/wp-content\/uploads\/2024\/01\/IMG_8554-scaled.jpg\" alt=\"\" width=\"425\" height=\"567\" srcset=\"https:\/\/parimuskoda.ee\/wp-content\/uploads\/2024\/01\/IMG_8554-scaled.jpg 1920w, https:\/\/parimuskoda.ee\/wp-content\/uploads\/2024\/01\/IMG_8554-225x300.jpg 225w, https:\/\/parimuskoda.ee\/wp-content\/uploads\/2024\/01\/IMG_8554-768x1024.jpg 768w, https:\/\/parimuskoda.ee\/wp-content\/uploads\/2024\/01\/IMG_8554-1152x1536.jpg 1152w, https:\/\/parimuskoda.ee\/wp-content\/uploads\/2024\/01\/IMG_8554-1536x2048.jpg 1536w, https:\/\/parimuskoda.ee\/wp-content\/uploads\/2024\/01\/IMG_8554-480x640.jpg 480w\" sizes=\"auto, (max-width: 425px) 100vw, 425px\" \/><\/a> <a href=\"https:\/\/parimuskoda.ee\/wp-content\/uploads\/2024\/01\/10.08.23-leotus-scaled.jpg\"><img loading=\"lazy\" decoding=\"async\" class=\"alignnone wp-image-769\" src=\"https:\/\/parimuskoda.ee\/wp-content\/uploads\/2024\/01\/10.08.23-leotus-scaled.jpg\" alt=\"\" width=\"424\" height=\"565\" srcset=\"https:\/\/parimuskoda.ee\/wp-content\/uploads\/2024\/01\/10.08.23-leotus-scaled.jpg 1920w, https:\/\/parimuskoda.ee\/wp-content\/uploads\/2024\/01\/10.08.23-leotus-225x300.jpg 225w, https:\/\/parimuskoda.ee\/wp-content\/uploads\/2024\/01\/10.08.23-leotus-768x1024.jpg 768w, https:\/\/parimuskoda.ee\/wp-content\/uploads\/2024\/01\/10.08.23-leotus-1152x1536.jpg 1152w, https:\/\/parimuskoda.ee\/wp-content\/uploads\/2024\/01\/10.08.23-leotus-1536x2048.jpg 1536w, https:\/\/parimuskoda.ee\/wp-content\/uploads\/2024\/01\/10.08.23-leotus-480x640.jpg 480w\" sizes=\"auto, (max-width: 424px) 100vw, 424px\" \/><\/a><\/p>\n","protected":false},"excerpt":{"rendered":"<p>&nbsp;<\/p>\n<p>Oled huvitatud enda emaili lisama Taimsete kiudude alaliidu infolisti? Kui JAH, siis t\u00e4ida allolev vorm:<br \/>\n<strong><a class=\"x1fey0fg xmper1u x1edh9d7\" href=\"https:\/\/forms.gle\/ixweXdWKEqpg2kz7A\">https:\/\/forms.gle\/ixweXdWKEqpg2kz7A<\/a><\/stron...\n<\/p>\n","protected":false},"author":1,"featured_media":0,"parent":0,"menu_order":0,"comment_status":"closed","ping_status":"closed","template":"","meta":{"_monsterinsights_skip_tracking":false,"_monsterinsights_sitenote_active":false,"_monsterinsights_sitenote_note":"","_monsterinsights_sitenote_category":0,"footnotes":""},"class_list":["post-752","page","type-page","status-publish","hentry"],"aioseo_notices":[],"_links":{"self":[{"href":"https:\/\/parimuskoda.ee\/et\/wp-json\/wp\/v2\/pages\/752","targetHints":{"allow":["GET"]}}],"collection":[{"href":"https:\/\/parimuskoda.ee\/et\/wp-json\/wp\/v2\/pages"}],"about":[{"href":"https:\/\/parimuskoda.ee\/et\/wp-json\/wp\/v2\/types\/page"}],"author":[{"embeddable":true,"href":"https:\/\/parimuskoda.ee\/et\/wp-json\/wp\/v2\/users\/1"}],"replies":[{"embeddable":true,"href":"https:\/\/parimuskoda.ee\/et\/wp-json\/wp\/v2\/comments?post=752"}],"version-history":[{"count":6,"href":"https:\/\/parimuskoda.ee\/et\/wp-json\/wp\/v2\/pages\/752\/revisions"}],"predecessor-version":[{"id":765,"href":"https:\/\/parimuskoda.ee\/et\/wp-json\/wp\/v2\/pages\/752\/revisions\/765"}],"wp:attachment":[{"href":"https:\/\/parimuskoda.ee\/et\/wp-json\/wp\/v2\/media?parent=752"}],"curies":[{"name":"wp","href":"https:\/\/api.w.org\/{rel}","templated":true}]}}