{"id":793,"date":"2024-06-11T18:40:42","date_gmt":"2024-06-11T18:40:42","guid":{"rendered":"https:\/\/parimuskoda.ee\/?page_id=793"},"modified":"2024-06-11T20:01:24","modified_gmt":"2024-06-11T20:01:24","slug":"1-aastane-rahvaparase-puutoo-baaskoolitus","status":"publish","type":"page","link":"https:\/\/parimuskoda.ee\/et\/1-aastane-rahvaparase-puutoo-baaskoolitus\/","title":{"rendered":"1-aastane rahvap\u00e4rase puut\u00f6\u00f6 baaskoolitus"},"content":{"rendered":"<p>Lahemaa p\u00e4rimuskoja peremees, Edeva Eremiidi Puut\u00f6\u00f6kooli sell Roland Burk kutsub huvilisi osalema 1-aastasel rahvap\u00e4rase puut\u00f6\u00f6 baaskoolitusel.<\/p>\n<p>Puut\u00f6\u00f6kool toimub alates 2024 augustist 11 kuu jooksul kolmel j\u00e4rjestikkusel p\u00e4eval igas kuus. Asukohaks on Lahemaa p\u00e4rimuskoda, Uuri k\u00fclas, Harjumaal.<\/p>\n<p>Puut\u00f6\u00f6kooli programmis l\u00e4bitakse erinevaid teemasid, millede puhul varutakse ka materjal suures osas koolituse \u00fche osana. Tutvutakse ka erinevate puidut\u00fc\u00fcpide ning nende kasutusv\u00f5imalustega talurahva tarbeesemete valmistamisel.<\/p>\n<p>\u00dches koolitusgrupis on maksimaalselt 4 \u00f5pilast.<\/p>\n<p><strong>Planeeritud teemad:<\/strong><\/p>\n<ol>\n<li>T\u00f6\u00f6riistade teritamine ja hooldus<\/li>\n<li>Koonlalaud, ropsim\u00f5\u00f5k &#8211; linat\u00f6\u00f6d<\/li>\n<li>Pesukurikas, vaalikurikus, vaalipulk &#8211; pesupesemine, -triikimine<\/li>\n<li>T\u00f6\u00f6j\u00e4ri valmistamine<\/li>\n<li>Kauss, lusikas, kuksa, m\u00e4\u00e4rdenuga &#8211; toidulaud<\/li>\n<li>Tihv, v\u00f6\u00f6m\u00f5\u00f5k, ui &#8211; paela kudumine<\/li>\n<li>Ummikn\u00f5u mee hoiustamiseks<\/li>\n<li>T\u00f6\u00f6j\u00e4ri valmistamine, tahumispaku tegemine<\/li>\n<li>Koorevakk v\u00e4ikeesemete hoiustamiseks<\/li>\n<li>K\u00fc\u00fcnlak\u00fc\u00fcp &#8211; rasvak\u00fc\u00fcnalde valmistamine<\/li>\n<\/ol>\n<p>Teemade t\u00e4pne valik lepitakse kokku grupiga koost\u00f6\u00f6s.<\/p>\n<p>Iga suurema teema l\u00f5ppedes tehakse l\u00e4bi erinevaid talut\u00f6\u00f6de katsetusi kasutades valminud esemeid.<\/p>\n<p>&nbsp;<\/p>\n<p>Rohkem infot ja registreerumine: roland@parimuskoda.ee<\/p>\n<p>&nbsp;<\/p>\n<p><a href=\"https:\/\/parimuskoda.ee\/wp-content\/uploads\/2024\/06\/AASTANE-RAHVAPARASE-PUUTOO-BAASKOOLITUS-1.png\"><img loading=\"lazy\" decoding=\"async\" class=\"alignnone size-full wp-image-805\" src=\"https:\/\/parimuskoda.ee\/wp-content\/uploads\/2024\/06\/AASTANE-RAHVAPARASE-PUUTOO-BAASKOOLITUS-1.png\" alt=\"\" width=\"1587\" height=\"2245\" srcset=\"https:\/\/parimuskoda.ee\/wp-content\/uploads\/2024\/06\/AASTANE-RAHVAPARASE-PUUTOO-BAASKOOLITUS-1.png 1587w, https:\/\/parimuskoda.ee\/wp-content\/uploads\/2024\/06\/AASTANE-RAHVAPARASE-PUUTOO-BAASKOOLITUS-1-212x300.png 212w, https:\/\/parimuskoda.ee\/wp-content\/uploads\/2024\/06\/AASTANE-RAHVAPARASE-PUUTOO-BAASKOOLITUS-1-724x1024.png 724w, https:\/\/parimuskoda.ee\/wp-content\/uploads\/2024\/06\/AASTANE-RAHVAPARASE-PUUTOO-BAASKOOLITUS-1-768x1086.png 768w, https:\/\/parimuskoda.ee\/wp-content\/uploads\/2024\/06\/AASTANE-RAHVAPARASE-PUUTOO-BAASKOOLITUS-1-1086x1536.png 1086w, https:\/\/parimuskoda.ee\/wp-content\/uploads\/2024\/06\/AASTANE-RAHVAPARASE-PUUTOO-BAASKOOLITUS-1-1448x2048.png 1448w, https:\/\/parimuskoda.ee\/wp-content\/uploads\/2024\/06\/AASTANE-RAHVAPARASE-PUUTOO-BAASKOOLITUS-1-452x640.png 452w\" sizes=\"auto, (max-width: 1587px) 100vw, 1587px\" \/><\/a><\/p>\n","protected":false},"excerpt":{"rendered":"<p>Lahemaa p\u00e4rimuskoja peremees, Edeva Eremiidi Puut\u00f6\u00f6kooli sell Roland Burk kutsub huvilisi osalema 1-aastasel rahvap\u00e4rase puut\u00f6\u00f6 baaskoolitusel.<\/p>\n<p>Puut\u00f6\u00f6kool toimub alates 2024 augustist 11 kuu jooksul kolmel j\u00e4rjestikkusel p\u00e4eval igas kuus. Asukohak&#8230;<\/p>\n","protected":false},"author":1,"featured_media":0,"parent":0,"menu_order":0,"comment_status":"closed","ping_status":"closed","template":"","meta":{"_monsterinsights_skip_tracking":false,"_monsterinsights_sitenote_active":false,"_monsterinsights_sitenote_note":"","_monsterinsights_sitenote_category":0,"footnotes":""},"class_list":["post-793","page","type-page","status-publish","hentry"],"aioseo_notices":[],"_links":{"self":[{"href":"https:\/\/parimuskoda.ee\/et\/wp-json\/wp\/v2\/pages\/793","targetHints":{"allow":["GET"]}}],"collection":[{"href":"https:\/\/parimuskoda.ee\/et\/wp-json\/wp\/v2\/pages"}],"about":[{"href":"https:\/\/parimuskoda.ee\/et\/wp-json\/wp\/v2\/types\/page"}],"author":[{"embeddable":true,"href":"https:\/\/parimuskoda.ee\/et\/wp-json\/wp\/v2\/users\/1"}],"replies":[{"embeddable":true,"href":"https:\/\/parimuskoda.ee\/et\/wp-json\/wp\/v2\/comments?post=793"}],"version-history":[{"count":6,"href":"https:\/\/parimuskoda.ee\/et\/wp-json\/wp\/v2\/pages\/793\/revisions"}],"predecessor-version":[{"id":806,"href":"https:\/\/parimuskoda.ee\/et\/wp-json\/wp\/v2\/pages\/793\/revisions\/806"}],"wp:attachment":[{"href":"https:\/\/parimuskoda.ee\/et\/wp-json\/wp\/v2\/media?parent=793"}],"curies":[{"name":"wp","href":"https:\/\/api.w.org\/{rel}","templated":true}]}}